{"id":142,"date":"2020-09-21T18:29:52","date_gmt":"2020-09-21T16:29:52","guid":{"rendered":"https:\/\/www.osteo-lyon-8.fr\/?page_id=142"},"modified":"2021-03-10T21:58:02","modified_gmt":"2021-03-10T20:58:02","slug":"osteopathe-femme-enceinte-lyon","status":"publish","type":"page","link":"https:\/\/www.osteo-lyon-8.fr\/?page_id=142","title":{"rendered":"FEMMES ENCEINTES"},"content":{"rendered":"<div id=\"themify_builder_content-142\" data-postid=\"142\" class=\"themify_builder_content themify_builder_content-142 themify_builder\">\r\n    \t<!-- module_row -->\r\n\t<div   class=\"themify_builder_row module_row clearfix builder-parallax-scrolling fullwidth_row_container module_row_0 themify_builder_142_row module_row_142-0 tb_0g3d720\">\r\n\t    <div class=\"builder_row_cover\"><\/div>\t    <div class=\"row_inner col_align_middle direction-rtl\"   data-desktop_dir=\"rtl\" data-mobile_dir=\"rtl\">\r\n\t\t\t<div  class=\"module_column tb-column col-full first tb_142_column module_column_0 module_column_142-0-0 tb_sgwk721 repeat\" >\r\n\t    \t    \t        <div class=\"tb-column-inner\">\r\n\t\t    <!-- module text -->\r\n<div  class=\"module module-text tb_hci5721  repeat  \">\r\n            <div  class=\"tb_text_wrap\">\r\n    <h1>Ost\u00e9opathe Femme enceinte Lyon<\/h1>    <\/div>\r\n<\/div>\r\n<!-- \/module text -->\r\n<!-- module text -->\r\n<div  class=\"module module-text tb_thtt722  repeat  \">\r\n            <div  class=\"tb_text_wrap\">\r\n    <p>Vous \u00eates enceinte et cherchez un <strong>bon ost\u00e9opathe<\/strong> sur Lyon pour soulager vos maux?<br \/><br \/><\/p>    <\/div>\r\n<\/div>\r\n<!-- \/module text -->\r\n    <!-- module buttons -->\r\n    <div  class=\"module module-buttons tb_dicy722 normal solid circle   wow bounce\">\r\n\t        \t<div class=\"module-buttons\">\r\n                            <div class=\"module-buttons-item  buttons-horizontal\">\r\n\t\t    \t\t\t<a href=\"https:\/\/www.doctolib.fr\/osteopathe\/lyon\/ilias-charitidis\" class=\"ui builder_button tb_default_color\" target=\"_blank\" rel=\"noopener\">\r\n\t\t    \t\t    \t\t\t<span>Prendre RDV<\/span>\r\n\t\t    \t\t    \t\t\t<\/a>\r\n\t\t                    <\/div>\r\n                    <\/div>\r\n    <\/div>\r\n    <!-- \/module buttons -->\r\n\t        <\/div>\r\n\t    \t<\/div>\r\n\t\t    <\/div>\r\n\t    <!-- \/row_inner -->\r\n\t<\/div>\r\n\t<!-- \/module_row -->\r\n\t\t<!-- module_row -->\r\n\t<div   class=\"themify_builder_row module_row clearfix module_row_1 themify_builder_142_row module_row_142-1 tb_dmcg586\">\r\n\t    \t    <div class=\"row_inner col_align_top\" >\r\n\t\t\t<div  class=\"module_column tb-column col2-1 first tb_142_column module_column_0 module_column_142-1-0 tb_88uk587\" >\r\n\t    \t    \t        <div class=\"tb-column-inner\">\r\n\t\t    <!-- module text -->\r\n<div  class=\"module module-text tb_hi98785    \">\r\n            <div  class=\"tb_text_wrap\">\r\n    <p style=\"text-align: center;\"><span style=\"font-weight: 400;\"><br \/><br \/>Porter un enfant pendant 9 mois par la future maman va impliquer, dans tout son \u00eatre, un v\u00e9ritable bouleversement avec des modifications hormonales et \u00e9motionnelles mais aussi physiologiques. L\u2019ost\u00e9opathie est une excellente th\u00e9rapie qui peut aider, de mani\u00e8re op\u00e9rationnelle, la femme enceinte \u00e0 mieux vivre et \u00e0 s\u2019adapter \u00e0 ces changements importants.<\/span><\/p>    <\/div>\r\n<\/div>\r\n<!-- \/module text -->\r\n\t        <\/div>\r\n\t    \t<\/div>\r\n\t\t<div  class=\"module_column tb-column col2-1 last tb_142_column module_column_1 module_column_142-1-1 tb_8u4k587\">\r\n\t    \t    \t        <div class=\"tb-column-inner\">\r\n\t\t        <!-- module image -->\r\n    <div  class=\"module module-image tb_uwls967 rounded drop-shadow image-center  \">\r\n\t                <div class=\"image-wrap\">\r\n                            <img decoding=\"async\" loading=\"lazy\" width=\"560\" height=\"374\" src=\"https:\/\/www.osteo-lyon-8.fr\/wp-content\/uploads\/2020\/10\/Femme-enceinte-lyon.jpg\" class=\" wp-post-image wp-image-713\" title=\"Femme-enceinte-lyon\" alt=\"osteopathe femme enceinte lyon, osteopathe grossesse lyon, soulagement des douleurs grossesse lyon\" srcset=\"https:\/\/www.osteo-lyon-8.fr\/wp-content\/uploads\/2020\/10\/Femme-enceinte-lyon.jpg 560w, https:\/\/www.osteo-lyon-8.fr\/wp-content\/uploads\/2020\/10\/Femme-enceinte-lyon-300x200.jpg 300w\" sizes=\"(max-width: 560px) 100vw, 560px\" \/>            \r\n                        <\/div>\r\n            <!-- \/image-wrap -->\r\n        \r\n        \r\n        <\/div>\r\n    <!-- \/module image -->\r\n\t        <\/div>\r\n\t    \t<\/div>\r\n\t\t    <\/div>\r\n\t    <!-- \/row_inner -->\r\n\t<\/div>\r\n\t<!-- \/module_row -->\r\n\t\t<!-- module_row -->\r\n\t<div   class=\"themify_builder_row module_row clearfix module_row_2 themify_builder_142_row module_row_142-2 tb_i1vw14\">\r\n\t    \t    <div class=\"row_inner col_align_top\" >\r\n\t\t\t<div  class=\"module_column tb-column col-full first tb_142_column module_column_0 module_column_142-2-0 tb_ol2u15\">\r\n\t    \t    \t        <div class=\"tb-column-inner\">\r\n\t\t    <!-- module text -->\r\n<div  class=\"module module-text tb_xqzg593    \">\r\n            <div  class=\"tb_text_wrap\">\r\n    <h2>De Quelles Douleurs Souffrent les Femmes Enceintes?<\/h2>    <\/div>\r\n<\/div>\r\n<!-- \/module text -->\r\n<!-- module text -->\r\n<div  class=\"module module-text tb_egda144    \">\r\n            <div  class=\"tb_text_wrap\">\r\n    <p>Le corps de la femme enceinte subit des bouleversements durant la grossesse, caus\u00e9s par le d\u00e9veloppement du f\u0153tus, qui vont venir modifier certaines structures. Cela peut avoir plusieurs cons\u00e9quences sur la femme enceinte telles que:<\/p>\n<ul>\n<li>des naus\u00e9es<\/li>\n<li>de la fatigue<\/li>\n<li>des crampes<\/li>\n<li>des douleurs au niveau du dos<\/li>\n<li>des maux de t\u00eate<\/li>\n<\/ul>    <\/div>\r\n<\/div>\r\n<!-- \/module text -->\r\n\t        <\/div>\r\n\t    \t<\/div>\r\n\t\t    <\/div>\r\n\t    <!-- \/row_inner -->\r\n\t<\/div>\r\n\t<!-- \/module_row -->\r\n\t\t<!-- module_row -->\r\n\t<div   class=\"themify_builder_row module_row clearfix module_row_3 themify_builder_142_row module_row_142-3 tb_b8pw854\">\r\n\t    \t    <div class=\"row_inner col_align_top\" >\r\n\t\t\t<div  class=\"module_column tb-column col-full first tb_142_column module_column_0 module_column_142-3-0 tb_u2fy854\">\r\n\t    \t    \t        <div class=\"tb-column-inner\">\r\n\t\t    <!-- module text -->\r\n<div  class=\"module module-text tb_93z7854    \">\r\n            <div  class=\"tb_text_wrap\">\r\n    <h3><strong>Les 6 Principales Interventions de l\u2019Ost\u00e9opathe chez les Femmes Enceintes<\/strong><\/h3>    <\/div>\r\n<\/div>\r\n<!-- \/module text -->\r\n<!-- module text -->\r\n<div  class=\"module module-text tb_1jtr855    \">\r\n            <div  class=\"tb_text_wrap\">\r\n    <ul>\n<li style=\"font-weight: 400;\" aria-level=\"1\"><span style=\"font-weight: 400;\">1) Au niveau de l\u2019appareil digestif: en raison de l\u2019augmentation des hormones, la femme enceinte \u00e9prouve souvent des naus\u00e9es et\/ou des vomissements, des difficult\u00e9s \u00e0 dig\u00e9rer et\/ou \u00e0 faire face aux reflux acides et parfois subir les effets de la constipation. L\u2019ost\u00e9opathe va ainsi intervenir avec des techniques de rel\u00e2chement neurologique ax\u00e9es sur le syst\u00e8me nerveux v\u00e9g\u00e9tatif.<\/span><\/li>\n<li style=\"font-weight: 400;\" aria-level=\"1\"><span style=\"font-weight: 400;\">2) Au niveau des contraintes impos\u00e9es par le poids : la femme enceinte va normalement prendre du poids ce qui entra\u00eene des changements corporels qui peuvent entraver la souplesse et l\u2019\u00e9quilibre. Certaines vert\u00e8bres trop sollicit\u00e9es vont provoquer des douleurs, de la fatigue et autres d\u00e9sagr\u00e9ments.<\/span><\/li>\n<li style=\"font-weight: 400;\" aria-level=\"1\"><span style=\"font-weight: 400;\">3) Au niveau de la souplesse de l\u2019abdomen et du bassin\u00a0: en raison de l\u2019expansion de l\u2019ut\u00e9rus certains tissus vont subir des pressions vasculaires et une r\u00e9duction de la souplesse. L\u2019ost\u00e9opathie permet de pr\u00e9venir d\u2019\u00e9ventuels troubles et contractions.\u00a0<\/span><\/li>\n<li style=\"font-weight: 400;\" aria-level=\"1\"><span style=\"font-weight: 400;\">4) Au niveau des manifestations \u00e9motionnelles: l\u2019ost\u00e9opathe prend le temps d\u2019\u00e9couter les inqui\u00e9tudes de la future maman, d\u00e9tecter et agir sur certains signes physiques de l\u2019anxi\u00e9t\u00e9 accompagnant la grossesse.<\/span><\/li>\n<li style=\"font-weight: 400;\" aria-level=\"1\"><span style=\"font-weight: 400;\">5) Au niveau de l\u2019appareil respiratoire: l\u2019afflux des hormones, en p\u00e9riode de grossesse, va obliger la m\u00e9canique du thorax et des poumons \u00e0 modifier en partie la respiration amenant souvent \u00e0 l\u2019hyperventilation. L\u2019ost\u00e9opathe va aider \u00e0 r\u00e9guler la cadence respiratoire.<\/span><\/li>\n<li style=\"font-weight: 400;\" aria-level=\"1\"><span style=\"font-weight: 400;\">6) Pendant la p\u00e9riode du post-partum: l\u2019ost\u00e9opathe va aider \u00e0 traiter le d\u00e9saxement du bassin suite \u00e0 l\u2019accouchement (cons\u00e9quence des efforts pendant l\u2019expulsion ou suite \u00e0 une c\u00e9sarienne\u2026), \u00e0 am\u00e9liorer l\u2019aisance \u00e0 l\u2019allaitement et \u00e0 la r\u00e9\u00e9ducation du p\u00e9rin\u00e9e.<\/span><\/li>\n<\/ul>\n<p>\u00a0<\/p>    <\/div>\r\n<\/div>\r\n<!-- \/module text -->\r\n\t        <\/div>\r\n\t    \t<\/div>\r\n\t\t    <\/div>\r\n\t    <!-- \/row_inner -->\r\n\t<\/div>\r\n\t<!-- \/module_row -->\r\n\t\t<!-- module_row -->\r\n\t<div   class=\"themify_builder_row module_row clearfix module_row_4 themify_builder_142_row module_row_142-4 tb_y170301\">\r\n\t    \t    <div class=\"row_inner col_align_top\" >\r\n\t\t\t<div  class=\"module_column tb-column col-full first tb_142_column module_column_0 module_column_142-4-0 tb_pkx8303\">\r\n\t    \t    \t        <div class=\"tb-column-inner\">\r\n\t\t    <!-- module text -->\r\n<div  class=\"module module-text tb_xtk5303    \">\r\n            <div  class=\"tb_text_wrap\">\r\n    <h4>Les Bienfaits procur\u00e9s par un ost\u00e9opathe femme enceinte lyon<\/h4>    <\/div>\r\n<\/div>\r\n<!-- \/module text -->\r\n<!-- module text -->\r\n<div  class=\"module module-text tb_dmaq991    \">\r\n            <div  class=\"tb_text_wrap\">\r\n    <p>Suite \u00e0 ces diff\u00e9rents changements que peut connaitre une femme durant la grossesse, il est important de consulter un ost\u00e9opathe pour v\u00e9rifier l&#8217;\u00e9lasticit\u00e9 du bassin ainsi que la position du f\u0153tus. Mais ce n&#8217;est pas tout l<span style=\"font-weight: 400;\">\u2019ost\u00e9opathe est le sp\u00e9cialiste qui va contribuer \u00e0 permettre \u00e0 la future maman d\u2019appr\u00e9hender l\u2019accouchement et la p\u00e9riode post-partum. Gr\u00e2ce \u00e0 des techniques visant la r\u00e9gulation digestive, neurov\u00e9g\u00e9tative et locomotrice, l\u2019ost\u00e9opathe va accompagner la future maman et son b\u00e9b\u00e9 dans toutes ses transformations permettant ainsi de lib\u00e9rer, soulager et att\u00e9nuer certains d\u00e9sagr\u00e9ments.<\/span><\/p>    <\/div>\r\n<\/div>\r\n<!-- \/module text -->\r\n\t        <\/div>\r\n\t    \t<\/div>\r\n\t\t    <\/div>\r\n\t    <!-- \/row_inner -->\r\n\t<\/div>\r\n\t<!-- \/module_row -->\r\n\t\t<!-- module_row -->\r\n\t<div   class=\"themify_builder_row module_row clearfix module_row_5 themify_builder_142_row module_row_142-5 tb_vwn6331\">\r\n\t    \t    <div class=\"row_inner col_align_top\" >\r\n\t\t\t<div  class=\"module_column tb-column col-full first tb_142_column module_column_0 module_column_142-5-0 tb_rnu3333\">\r\n\t    \t    \t        <div class=\"tb-column-inner\">\r\n\t\t    <!-- module text -->\r\n<div  class=\"module module-text tb_n0vw998    \">\r\n            <div  class=\"tb_text_wrap\">\r\n    <h5>Consultez d\u00e8s maintenant votre ost\u00e9opathe femme enceinte Lyon<\/h5>\n<p>Vous pouvez retrouver toutes nos informations de contact directement sur notre page <a href=\"https:\/\/www.osteo-lyon-8.fr\/contact\/\">Contact<\/a> ou prendre rdv directement sur <a href=\"https:\/\/www.doctolib.fr\/osteopathe\/lyon\/ilias-charitidis\">Doctolib<\/a><\/p>    <\/div>\r\n<\/div>\r\n<!-- \/module text -->\r\n\t        <\/div>\r\n\t    \t<\/div>\r\n\t\t    <\/div>\r\n\t    <!-- \/row_inner -->\r\n\t<\/div>\r\n\t<!-- \/module_row -->\r\n\t<\/div>\r\n\r\n","protected":false},"excerpt":{"rendered":"<p>Ost\u00e9opathe Femme enceinte Lyon Vous \u00eates enceinte et cherchez un bon ost\u00e9opathe sur Lyon pour soulager vos maux? Prendre RDV Porter un enfant pendant 9 mois par la future maman va impliquer, dans tout son \u00eatre, un v\u00e9ritable bouleversement avec des modifications hormonales et \u00e9motionnelles mais aussi physiologiques. L\u2019ost\u00e9opathie est une excellente th\u00e9rapie qui peut [&hellip;]<\/p>\n","protected":false},"author":1,"featured_media":0,"parent":0,"menu_order":0,"comment_status":"closed","ping_status":"closed","template":"","meta":{"footnotes":""},"yoast_head":"<!-- This site is optimized with the Yoast SEO plugin v14.9 - https:\/\/yoast.com\/wordpress\/plugins\/seo\/ -->\n<title>Ost\u00e9opathe femme enceinte Lyon | Osteo Lyon 8 | Soulagez vos Douleurs<\/title>\n<meta name=\"description\" content=\"Vous ressentez des douleurs pendant votre grossesse et souhaitez les soulager? Osteopathe femme enceinte lyon vous accueille dans son cabinet dans le 8\u00e8me\" \/>\n<meta name=\"robots\" content=\"index, follow, max-snippet:-1, max-image-preview:large, max-video-preview:-1\" \/>\n<link rel=\"canonical\" href=\"https:\/\/www.osteo-lyon-8.fr\/?page_id=142\" \/>\n<meta property=\"og:locale\" content=\"en_US\" \/>\n<meta property=\"og:type\" content=\"article\" \/>\n<meta property=\"og:title\" content=\"Ost\u00e9opathe femme enceinte Lyon | Osteo Lyon 8 | Soulagez vos Douleurs\" \/>\n<meta property=\"og:description\" content=\"Vous ressentez des douleurs pendant votre grossesse et souhaitez les soulager? Osteopathe femme enceinte lyon vous accueille dans son cabinet dans le 8\u00e8me\" \/>\n<meta property=\"og:url\" content=\"https:\/\/www.osteo-lyon-8.fr\/?page_id=142\" \/>\n<meta property=\"og:site_name\" content=\"Osteo Lyon 8\" \/>\n<meta property=\"article:modified_time\" content=\"2021-03-10T20:58:02+00:00\" \/>\n<meta name=\"twitter:card\" content=\"summary_large_image\" \/>\n<script type=\"application\/ld+json\" class=\"yoast-schema-graph\">{\"@context\":\"https:\/\/schema.org\",\"@graph\":[{\"@type\":\"WebSite\",\"@id\":\"https:\/\/www.osteo-lyon-8.fr\/#website\",\"url\":\"https:\/\/www.osteo-lyon-8.fr\/\",\"name\":\"Osteo Lyon 8\",\"description\":\"Un site utilisant WordPress\",\"potentialAction\":[{\"@type\":\"SearchAction\",\"target\":\"https:\/\/www.osteo-lyon-8.fr\/?s={search_term_string}\",\"query-input\":\"required name=search_term_string\"}],\"inLanguage\":\"en-US\"},{\"@type\":\"ImageObject\",\"@id\":\"https:\/\/www.osteo-lyon-8.fr\/?page_id=142#primaryimage\",\"inLanguage\":\"en-US\",\"url\":\"https:\/\/www.osteo-lyon-8.fr\/wp-content\/uploads\/2020\/10\/Femme-enceinte-lyon.jpg\",\"width\":560,\"height\":374,\"caption\":\"osteopathe femme enceinte lyon, osteopathe grossesse lyon, soulagement des douleurs grossesse lyon\"},{\"@type\":\"WebPage\",\"@id\":\"https:\/\/www.osteo-lyon-8.fr\/?page_id=142#webpage\",\"url\":\"https:\/\/www.osteo-lyon-8.fr\/?page_id=142\",\"name\":\"Ost\\u00e9opathe femme enceinte Lyon | Osteo Lyon 8 | Soulagez vos Douleurs\",\"isPartOf\":{\"@id\":\"https:\/\/www.osteo-lyon-8.fr\/#website\"},\"primaryImageOfPage\":{\"@id\":\"https:\/\/www.osteo-lyon-8.fr\/?page_id=142#primaryimage\"},\"datePublished\":\"2020-09-21T16:29:52+00:00\",\"dateModified\":\"2021-03-10T20:58:02+00:00\",\"description\":\"Vous ressentez des douleurs pendant votre grossesse et souhaitez les soulager? Osteopathe femme enceinte lyon vous accueille dans son cabinet dans le 8\\u00e8me\",\"inLanguage\":\"en-US\",\"potentialAction\":[{\"@type\":\"ReadAction\",\"target\":[\"https:\/\/www.osteo-lyon-8.fr\/?page_id=142\"]}]}]}<\/script>\n<!-- \/ Yoast SEO plugin. -->","builder_content":"<h1>Ost\u00e9opathe Femme enceinte Lyon<\/h1>\n<p>Vous \u00eates enceinte et cherchez un <strong>bon ost\u00e9opathe<\/strong> sur Lyon pour soulager vos maux?<br \/><br \/><\/p>\n<a href=\"https:\/\/www.doctolib.fr\/osteopathe\/lyon\/ilias-charitidis\" target=\"_blank\" rel=\"noopener\">\n Prendre RDV\n <\/a>\n<p style=\"text-align: center;\"><br \/><br \/>Porter un enfant pendant 9 mois par la future maman va impliquer, dans tout son \u00eatre, un v\u00e9ritable bouleversement avec des modifications hormonales et \u00e9motionnelles mais aussi physiologiques. L\u2019ost\u00e9opathie est une excellente th\u00e9rapie qui peut aider, de mani\u00e8re op\u00e9rationnelle, la femme enceinte \u00e0 mieux vivre et \u00e0 s\u2019adapter \u00e0 ces changements importants.<\/p>\n<img decoding=\"async\" loading=\"lazy\" width=\"560\" height=\"374\" src=\"https:\/\/www.osteo-lyon-8.fr\/wp-content\/uploads\/2020\/10\/Femme-enceinte-lyon.jpg\" title=\"Femme-enceinte-lyon\" alt=\"osteopathe femme enceinte lyon, osteopathe grossesse lyon, soulagement des douleurs grossesse lyon\" srcset=\"https:\/\/www.osteo-lyon-8.fr\/wp-content\/uploads\/2020\/10\/Femme-enceinte-lyon.jpg 560w, https:\/\/www.osteo-lyon-8.fr\/wp-content\/uploads\/2020\/10\/Femme-enceinte-lyon-300x200.jpg 300w\" sizes=\"(max-width: 560px) 100vw, 560px\" \/>\n<h2>De Quelles Douleurs Souffrent les Femmes Enceintes?<\/h2>\n<p>Le corps de la femme enceinte subit des bouleversements durant la grossesse, caus\u00e9s par le d\u00e9veloppement du f\u0153tus, qui vont venir modifier certaines structures. Cela peut avoir plusieurs cons\u00e9quences sur la femme enceinte telles que:<\/p> <ul> <li>des naus\u00e9es<\/li> <li>de la fatigue<\/li> <li>des crampes<\/li> <li>des douleurs au niveau du dos<\/li> <li>des maux de t\u00eate<\/li> <\/ul>\n<h3><strong>Les 6 Principales Interventions de l\u2019Ost\u00e9opathe chez les Femmes Enceintes<\/strong><\/h3>\n<ul> <li style=\"font-weight: 400;\" aria-level=\"1\">1) Au niveau de l\u2019appareil digestif: en raison de l\u2019augmentation des hormones, la femme enceinte \u00e9prouve souvent des naus\u00e9es et\/ou des vomissements, des difficult\u00e9s \u00e0 dig\u00e9rer et\/ou \u00e0 faire face aux reflux acides et parfois subir les effets de la constipation. L\u2019ost\u00e9opathe va ainsi intervenir avec des techniques de rel\u00e2chement neurologique ax\u00e9es sur le syst\u00e8me nerveux v\u00e9g\u00e9tatif.<\/li> <li style=\"font-weight: 400;\" aria-level=\"1\">2) Au niveau des contraintes impos\u00e9es par le poids : la femme enceinte va normalement prendre du poids ce qui entra\u00eene des changements corporels qui peuvent entraver la souplesse et l\u2019\u00e9quilibre. Certaines vert\u00e8bres trop sollicit\u00e9es vont provoquer des douleurs, de la fatigue et autres d\u00e9sagr\u00e9ments.<\/li> <li style=\"font-weight: 400;\" aria-level=\"1\">3) Au niveau de la souplesse de l\u2019abdomen et du bassin\u00a0: en raison de l\u2019expansion de l\u2019ut\u00e9rus certains tissus vont subir des pressions vasculaires et une r\u00e9duction de la souplesse. L\u2019ost\u00e9opathie permet de pr\u00e9venir d\u2019\u00e9ventuels troubles et contractions.\u00a0<\/li> <li style=\"font-weight: 400;\" aria-level=\"1\">4) Au niveau des manifestations \u00e9motionnelles: l\u2019ost\u00e9opathe prend le temps d\u2019\u00e9couter les inqui\u00e9tudes de la future maman, d\u00e9tecter et agir sur certains signes physiques de l\u2019anxi\u00e9t\u00e9 accompagnant la grossesse.<\/li> <li style=\"font-weight: 400;\" aria-level=\"1\">5) Au niveau de l\u2019appareil respiratoire: l\u2019afflux des hormones, en p\u00e9riode de grossesse, va obliger la m\u00e9canique du thorax et des poumons \u00e0 modifier en partie la respiration amenant souvent \u00e0 l\u2019hyperventilation. L\u2019ost\u00e9opathe va aider \u00e0 r\u00e9guler la cadence respiratoire.<\/li> <li style=\"font-weight: 400;\" aria-level=\"1\">6) Pendant la p\u00e9riode du post-partum: l\u2019ost\u00e9opathe va aider \u00e0 traiter le d\u00e9saxement du bassin suite \u00e0 l\u2019accouchement (cons\u00e9quence des efforts pendant l\u2019expulsion ou suite \u00e0 une c\u00e9sarienne\u2026), \u00e0 am\u00e9liorer l\u2019aisance \u00e0 l\u2019allaitement et \u00e0 la r\u00e9\u00e9ducation du p\u00e9rin\u00e9e.<\/li> <\/ul> <p>\u00a0<\/p>\n<h4>Les Bienfaits procur\u00e9s par un ost\u00e9opathe femme enceinte lyon<\/h4>\n<p>Suite \u00e0 ces diff\u00e9rents changements que peut connaitre une femme durant la grossesse, il est important de consulter un ost\u00e9opathe pour v\u00e9rifier l'\u00e9lasticit\u00e9 du bassin ainsi que la position du f\u0153tus. Mais ce n'est pas tout l\u2019ost\u00e9opathe est le sp\u00e9cialiste qui va contribuer \u00e0 permettre \u00e0 la future maman d\u2019appr\u00e9hender l\u2019accouchement et la p\u00e9riode post-partum. Gr\u00e2ce \u00e0 des techniques visant la r\u00e9gulation digestive, neurov\u00e9g\u00e9tative et locomotrice, l\u2019ost\u00e9opathe va accompagner la future maman et son b\u00e9b\u00e9 dans toutes ses transformations permettant ainsi de lib\u00e9rer, soulager et att\u00e9nuer certains d\u00e9sagr\u00e9ments.<\/p>\n<h5>Consultez d\u00e8s maintenant votre ost\u00e9opathe femme enceinte Lyon<\/h5> <p>Vous pouvez retrouver toutes nos informations de contact directement sur notre page <a href=\"https:\/\/www.osteo-lyon-8.fr\/contact\/\">Contact<\/a> ou prendre rdv directement sur <a href=\"https:\/\/www.doctolib.fr\/osteopathe\/lyon\/ilias-charitidis\">Doctolib<\/a><\/p>","_links":{"self":[{"href":"https:\/\/www.osteo-lyon-8.fr\/index.php?rest_route=\/wp\/v2\/pages\/142"}],"collection":[{"href":"https:\/\/www.osteo-lyon-8.fr\/index.php?rest_route=\/wp\/v2\/pages"}],"about":[{"href":"https:\/\/www.osteo-lyon-8.fr\/index.php?rest_route=\/wp\/v2\/types\/page"}],"author":[{"embeddable":true,"href":"https:\/\/www.osteo-lyon-8.fr\/index.php?rest_route=\/wp\/v2\/users\/1"}],"replies":[{"embeddable":true,"href":"https:\/\/www.osteo-lyon-8.fr\/index.php?rest_route=%2Fwp%2Fv2%2Fcomments&post=142"}],"version-history":[{"count":65,"href":"https:\/\/www.osteo-lyon-8.fr\/index.php?rest_route=\/wp\/v2\/pages\/142\/revisions"}],"predecessor-version":[{"id":796,"href":"https:\/\/www.osteo-lyon-8.fr\/index.php?rest_route=\/wp\/v2\/pages\/142\/revisions\/796"}],"wp:attachment":[{"href":"https:\/\/www.osteo-lyon-8.fr\/index.php?rest_route=%2Fwp%2Fv2%2Fmedia&parent=142"}],"curies":[{"name":"wp","href":"https:\/\/api.w.org\/{rel}","templated":true}]}}