{"id":16,"date":"2020-09-20T11:11:00","date_gmt":"2020-09-20T09:11:00","guid":{"rendered":"http:\/\/www.osteo-lyon-8.fr\/?page_id=16"},"modified":"2020-09-25T19:24:22","modified_gmt":"2020-09-25T17:24:22","slug":"contact","status":"publish","type":"page","link":"https:\/\/www.osteo-lyon-8.fr\/?page_id=16","title":{"rendered":"CONTACT"},"content":{"rendered":"<div id=\"themify_builder_content-16\" data-postid=\"16\" class=\"themify_builder_content themify_builder_content-16 themify_builder\">\r\n    \t<!-- module_row -->\r\n\t<div   class=\"themify_builder_row module_row clearfix repeat module_row_1 themify_builder_16_row module_row_16-1 tb_c7cz819\">\r\n\t    \t    <div class=\"row_inner col_align_top\" >\r\n\t\t\t<div  class=\"module_column tb-column col4-2 first tb_16_column module_column_0 module_column_16-1-0 tb_5ph9819\">\r\n\t    \t    \t        <div class=\"tb-column-inner\">\r\n\t\t    <!-- module text -->\r\n<div  class=\"module module-text tb_z8n9819  repeat  \">\r\n            <div  class=\"tb_text_wrap\">\r\n    <p>Vous avez une question?<\/p>    <\/div>\r\n<\/div>\r\n<!-- \/module text -->\r\n<!-- module text -->\r\n<div  class=\"module module-text tb_u9s4820  repeat  \">\r\n            <div  class=\"tb_text_wrap\">\r\n    <p>Vous avez une question particuli\u00e8re? N\u2019h\u00e9sitez pas \u00e0 remplir le formulaire et votre Ost\u00e9o lyon 8\u00a0 tachera d&#8217;y r\u00e9pondre dans les plus brefs d\u00e9lais.<br \/><br \/><\/p>    <\/div>\r\n<\/div>\r\n<!-- \/module text -->\r\n\t<div  class=\"themify_builder_sub_row module_subrow clearfix sub_row_1-0-2 tb_nyci820\">\r\n\t    \t    <div class=\"subrow_inner gutter-none col_align_top\" >\r\n\t\t\t<div  class=\"sub_column module_column col2-1 first sub_column_post_16 sub_column_1-0-2-0 tb_luv4821\"> \r\n\t    \t    \t        <div class=\"tb-column-inner\">\r\n\t\t    <!-- module text -->\r\n<div  class=\"module module-text tb_mf73288  repeat  \">\r\n            <div  class=\"tb_text_wrap\">\r\n    <h4>Info<\/h4>    <\/div>\r\n<\/div>\r\n<!-- \/module text -->\r\n    <!-- module divider -->\r\n    <div  class=\"module module-divider tb_7wk9821 solid   divider-custom divider-left\" style=\"border-width: 1px;border-color: #d1d1d1;margin-top: 5px;margin-bottom: 13px;width: 50px;\">\r\n\t            <\/div>\r\n    <!-- \/module divider -->\r\n    <!-- module icon -->\r\n    <div  class=\"module module-icon tb_x09q821  normal circle icon_vertical  \">\r\n\t        \t<div class=\"module-icon\">\r\n                            <div class=\"module-icon-item\">\r\n                                                                        <i class=\"fa fa-phone ui black\"><\/i>\r\n                                                                            <span>06 43 04 88 44<\/span>\r\n                                                                <\/div>\r\n                            <div class=\"module-icon-item\">\r\n                                                                        <i class=\"fa fa-envelope ui black\"><\/i>\r\n                                                                            <span>ilias.charitidis@gmail.com<\/span>\r\n                                                                <\/div>\r\n                    <\/div>\r\n    <\/div>\r\n    <!-- \/module icon -->\r\n\t        <\/div>\r\n\t    \t<\/div>\r\n\t\t<div  class=\"sub_column module_column col2-1 last sub_column_post_16 sub_column_1-0-2-1 tb_9b1l821\" > \r\n\t    \t    \t        <div class=\"tb-column-inner\">\r\n\t\t    <!-- module text -->\r\n<div  class=\"module module-text tb_2aw993  repeat  \">\r\n            <div  class=\"tb_text_wrap\">\r\n    <h4>Addresse<\/h4>    <\/div>\r\n<\/div>\r\n<!-- \/module text -->\r\n    <!-- module divider -->\r\n    <div  class=\"module module-divider tb_kj0p822 solid   divider-custom divider-left\" style=\"border-width: 1px;border-color: #d1d1d1;margin-top: 5px;margin-bottom: 13px;width: 50px;\">\r\n\t            <\/div>\r\n    <!-- \/module divider -->\r\n<!-- module text -->\r\n<div  class=\"module module-text tb_zvad822    \">\r\n            <div  class=\"tb_text_wrap\">\r\n    <p>23B Rue Maryse Basti\u00e9, 69008 Lyon<\/p>    <\/div>\r\n<\/div>\r\n<!-- \/module text -->\r\n\t        <\/div>\r\n\t    \t<\/div>\r\n\t\t    <\/div>\r\n\t<\/div><!-- \/themify_builder_sub_row -->\r\n\t\t        <\/div>\r\n\t    \t<\/div>\r\n\t\t<div  class=\"module_column tb-column col4-2 last tb_16_column module_column_1 module_column_16-1-1 tb_sxh7822\" >\r\n\t    \t    \t        <div class=\"tb-column-inner\">\r\n\t\t    <!-- module text -->\r\n<div  class=\"module module-text tb_ljyb958  repeat  \">\r\n            <div  class=\"tb_text_wrap\">\r\n    <p>Soummetez-nous votre question<\/p>    <\/div>\r\n<\/div>\r\n<!-- \/module text -->\r\n<script type=\"text\/javascript\">\r\n\t\t\t\t\t\t\t\t\tvar id =\"contact-css\";\r\n\t\t\t\t\t\t\t\t\tif(document.getElementById(id)===null){\r\n\t\t\t\t\t\t\t\t\t    var link = document.createElement(\"link\");\r\n\t\t\t\t\t\t\t\t\t    link.rel=\"stylesheet\";\r\n\t\t\t\t\t\t\t\t\t    link.type=\"text\/css\";\r\n\t\t\t\t\t\t\t\t\t    link.id=id;\r\n\t\t\t\t\t\t\t\t\t    link.href=\"https:\/\/www.osteo-lyon-8.fr\/wp-content\/plugins\/builder-contact\/assets\/style.min.css?ver=1.4.3\";\r\n\t\t\t\t\t\t\t\t\t    document.body.appendChild(link);\r\n\t\t\t\t\t\t\t\t\t}\r\n\t\t\t\t\t\t\t<\/script>    <!-- module contact -->\r\n<div  id=\"contact-16-1-1-1\" class=\"module module-contact contact-16-1-1-1 contact-animated-label   tb_09by823\">\r\n\t        \r\n        \r\n        <form action=\"https:\/\/www.osteo-lyon-8.fr\/wp-admin\/admin-ajax.php\" class=\"builder-contact\" id=\"contact-16-1-1-1-form\" method=\"post\">\r\n            <div class=\"contact-message\"><\/div>\r\n\t    <div class=\"builder-contact-fields\">\r\n\t                    <div class=\"builder-contact-field builder-contact-field-name builder-contact-text-field\" data-order=\"\">\r\n                    <label class=\"control-label\" for=\"contact-16-1-1-1-contact-name\"><span class=\"tb-label-span\">Votre nom <\/span><span class=\"required\">*<\/span><\/label>\r\n                    <div class=\"control-input\">\r\n                        <input type=\"text\" name=\"contact-name\" placeholder=\"\" id=\"contact-16-1-1-1-contact-name\" value=\"\" class=\"form-control\" required\/>\r\n                    <\/div>\r\n                <\/div>\r\n\t    \t                    <div class=\"builder-contact-field builder-contact-field-email builder-contact-text-field\" data-order=\"\">\r\n                    <label class=\"control-label\" for=\"contact-16-1-1-1-contact-email\"><span class=\"tb-label-span\">Votre adresse mail <\/span><span class=\"required\">*<\/span><\/label>\r\n                    <div class=\"control-input\">\r\n                        <input type=\"text\" name=\"contact-email\" placeholder=\"\" id=\"contact-16-1-1-1-contact-email\" value=\"\" class=\"form-control\" required \/>\r\n                    <\/div>\r\n                <\/div>\r\n\t    \t                        <div class=\"builder-contact-field builder-contact-field-subject builder-contact-text-field\" data-order=\"\">\r\n                        <label class=\"control-label\" for=\"contact-16-1-1-1-contact-subject\"><span class=\"tb-label-span\">Sujet<\/span> <\/label>\r\n                        <div class=\"control-input\">\r\n                            <input type=\"text\" name=\"contact-subject\" placeholder=\"\" id=\"contact-16-1-1-1-contact-subject\" value=\"\" class=\"form-control\"  \/>\r\n                        <\/div>\r\n                    <\/div>\r\n                \r\n\t\t\t\t    <div class=\"builder-contact-field builder-contact-field-message builder-contact-textarea-field\" data-order=\"\">\r\n\t\t\t<label class=\"control-label\" for=\"contact-16-1-1-1-contact-message\"><span class=\"tb-label-span\">Message <\/span><span class=\"required\">*<\/span><\/label>\r\n\t\t\t<div class=\"control-input\">\r\n\t\t\t    <textarea name=\"contact-message\" placeholder=\"\" id=\"contact-16-1-1-1-contact-message\" rows=\"8\" cols=\"45\" class=\"form-control\" required><\/textarea>\r\n\t\t\t<\/div>\r\n\t\t    <\/div>\r\n\t\t\r\n                                                    \t\t\t\t\r\n                \r\n\t\t\t\t\r\n\t\t\t\t\r\n                \r\n                <div class=\"builder-contact-field builder-contact-field-send\" data-order=\"10000\">\r\n                    <div class=\"control-input builder-contact-field-send-left\">\r\n                        <button type=\"submit\" class=\"btn btn-primary\"> <i class=\"fa fa-cog fa-spin\"><\/i> Envoyer <\/button>\r\n                    <\/div>\r\n                <\/div>\r\n            <\/div>\r\n            <script type=\"text\/html\" class=\"builder-contact-form-data\">YToxNDp7czo2OiJzZW5kdG8iO3M6MjY6ImlsaWFzLmNoYXJpdGlkaXNAZ21haWwuY29tIjtzOjIwOiJzcGVjaWZ5X2Zyb21fYWRkcmVzcyI7czowOiIiO3M6MTQ6InNlbmRfdG9fYWRtaW5zIjtiOjA7czoyMToic3BlY2lmeV9lbWFpbF9hZGRyZXNzIjtzOjA6IiI7czozOiJiY2MiO3M6MDoiIjtzOjE2OiJhY3RpdmVfYmNjX2VtYWlsIjtzOjA6IiI7czoxNToiZGVmYXVsdF9zdWJqZWN0IjtzOjA6IiI7czoxMToic3VjY2Vzc191cmwiO3M6MDoiIjtzOjk6InBvc3RfdHlwZSI7czowOiIiO3M6MTE6InBvc3RfYXV0aG9yIjtiOjA7czoyMDoic3VjY2Vzc19tZXNzYWdlX3RleHQiO3M6MjM6Ik1lcmNpIGRlIHZvdHJlIG1lc3NhZ2UhIjtzOjE3OiJjb250YWN0X3NlbnRfZnJvbSI7czo2OiJlbmFibGUiO3M6MjA6ImNvbnRhY3RfbmFtZV9yZXF1aXJlIjtiOjE7czoyMToiY29udGFjdF9lbWFpbF9yZXF1aXJlIjtiOjE7fQ==<\/script>\r\n            <script type=\"text\/javascript\">\r\n\t\t\t\t\/\/ To load orders instantly, even don't wait for document ready\r\n\t\t\t\t(function($){\r\n\t\t\t\t\tvar mylist = $('#contact-16-1-1-1').first().find('.builder-contact-fields'),\r\n                                            listitems = mylist.children('div').get();\r\n\r\n\t\t\t\t\tlistitems.sort(function (a, b) {\r\n\t\t\t\t\t\tvar compA = $(a).attr('data-order') ? parseInt( $(a).attr('data-order') ) : $(a).index(),\r\n                                                    compB = $(b).attr('data-order') ? parseInt( $(b).attr('data-order') ) : $(b).index();\r\n\t\t\t\t\t\treturn ( compA < compB ) ? -1 : ( compA > compB ) ? 1 : 0;\r\n\t\t\t\t\t});\r\n\t\t\t\t\t$.each(listitems, function (idx, itm) {\r\n\t\t\t\t\t\tmylist.append(itm);\r\n\t\t\t\t\t});\r\n\t\t\t\t})(jQuery);\r\n\t\t\t<\/script>\r\n        <\/form>\r\n\r\n            <\/div>\r\n    <!-- \/module contact -->\r\n\t        <\/div>\r\n\t    \t<\/div>\r\n\t\t    <\/div>\r\n\t    <!-- \/row_inner -->\r\n\t<\/div>\r\n\t<!-- \/module_row -->\r\n\t<\/div>\r\n\r\n","protected":false},"excerpt":{"rendered":"<p>Vous avez une question? Vous avez une question particuli\u00e8re? N\u2019h\u00e9sitez pas \u00e0 remplir le formulaire et votre Ost\u00e9o lyon 8\u00a0 tachera d&#8217;y r\u00e9pondre dans les plus brefs d\u00e9lais. Info 06 43 04 88 44 ilias.charitidis@gmail.com Addresse 23B Rue Maryse Basti\u00e9, 69008 Lyon Soummetez-nous votre question Votre nom * Votre adresse mail * Sujet Message * [&hellip;]<\/p>\n","protected":false},"author":1,"featured_media":0,"parent":0,"menu_order":0,"comment_status":"closed","ping_status":"closed","template":"","meta":{"footnotes":""},"yoast_head":"<!-- This site is optimized with the Yoast SEO plugin v14.9 - https:\/\/yoast.com\/wordpress\/plugins\/seo\/ -->\n<title>CONTACT | Osteo Lyon 8<\/title>\n<meta name=\"robots\" content=\"index, follow, max-snippet:-1, max-image-preview:large, max-video-preview:-1\" \/>\n<link rel=\"canonical\" href=\"https:\/\/www.osteo-lyon-8.fr\/?page_id=16\" \/>\n<meta property=\"og:locale\" content=\"en_US\" \/>\n<meta property=\"og:type\" content=\"article\" \/>\n<meta property=\"og:title\" content=\"CONTACT | Osteo Lyon 8\" \/>\n<meta property=\"og:description\" content=\"Vous avez une question? Vous avez une question particuli\u00e8re? N\u2019h\u00e9sitez pas \u00e0 remplir le formulaire et votre Ost\u00e9o lyon 8\u00a0 tachera d&#8217;y r\u00e9pondre dans les plus brefs d\u00e9lais. Info 06 43 04 88 44 ilias.charitidis@gmail.com Addresse 23B Rue Maryse Basti\u00e9, 69008 Lyon Soummetez-nous votre question Votre nom * Votre adresse mail * Sujet Message * [&hellip;]\" \/>\n<meta property=\"og:url\" content=\"https:\/\/www.osteo-lyon-8.fr\/?page_id=16\" \/>\n<meta property=\"og:site_name\" content=\"Osteo Lyon 8\" \/>\n<meta property=\"article:modified_time\" content=\"2020-09-25T17:24:22+00:00\" \/>\n<meta name=\"twitter:card\" content=\"summary_large_image\" \/>\n<script type=\"application\/ld+json\" class=\"yoast-schema-graph\">{\"@context\":\"https:\/\/schema.org\",\"@graph\":[{\"@type\":\"WebSite\",\"@id\":\"https:\/\/www.osteo-lyon-8.fr\/#website\",\"url\":\"https:\/\/www.osteo-lyon-8.fr\/\",\"name\":\"Osteo Lyon 8\",\"description\":\"Un site utilisant WordPress\",\"potentialAction\":[{\"@type\":\"SearchAction\",\"target\":\"https:\/\/www.osteo-lyon-8.fr\/?s={search_term_string}\",\"query-input\":\"required name=search_term_string\"}],\"inLanguage\":\"en-US\"},{\"@type\":\"WebPage\",\"@id\":\"https:\/\/www.osteo-lyon-8.fr\/?page_id=16#webpage\",\"url\":\"https:\/\/www.osteo-lyon-8.fr\/?page_id=16\",\"name\":\"CONTACT | Osteo Lyon 8\",\"isPartOf\":{\"@id\":\"https:\/\/www.osteo-lyon-8.fr\/#website\"},\"datePublished\":\"2020-09-20T09:11:00+00:00\",\"dateModified\":\"2020-09-25T17:24:22+00:00\",\"inLanguage\":\"en-US\",\"potentialAction\":[{\"@type\":\"ReadAction\",\"target\":[\"https:\/\/www.osteo-lyon-8.fr\/?page_id=16\"]}]}]}<\/script>\n<!-- \/ Yoast SEO plugin. -->","builder_content":"<p>Vous avez une question?<\/p>\n<p>Vous avez une question particuli\u00e8re? N\u2019h\u00e9sitez pas \u00e0 remplir le formulaire et votre Ost\u00e9o lyon 8\u00a0 tachera d'y r\u00e9pondre dans les plus brefs d\u00e9lais.<br \/><br \/><\/p>\n<h4>Info<\/h4>\n\n06 43 04 88 44\n \n \n \n ilias.charitidis@gmail.com\n<h4>Addresse<\/h4>\n\n<p>23B Rue Maryse Basti\u00e9, 69008 Lyon<\/p>\n<p>Soummetez-nous votre question<\/p>\n<form action=\"https:\/\/www.osteo-lyon-8.fr\/wp-admin\/admin-ajax.php\" id=\"contact-0--form\" method=\"post\">\n \n \n \n <label for=\"contact-0--contact-name\">Votre nom *<\/label>\n \n <input type=\"text\" name=\"contact-name\" placeholder=\"\" id=\"contact-0--contact-name\" value=\"\" required\/>\n \n \n \n <label for=\"contact-0--contact-email\">Votre adresse mail *<\/label>\n \n <input type=\"text\" name=\"contact-email\" placeholder=\"\" id=\"contact-0--contact-email\" value=\"\" required \/>\n \n \n \n <label for=\"contact-0--contact-subject\">Sujet <\/label>\n \n <input type=\"text\" name=\"contact-subject\" placeholder=\"\" id=\"contact-0--contact-subject\" value=\"\" \/>\n \n \n \n \n <label for=\"contact-0--contact-message\">Message *<\/label>\n \n <textarea name=\"contact-message\" placeholder=\"\" id=\"contact-0--contact-message\" rows=\"8\" cols=\"45\" required><\/textarea>\n \n \n \n \n \n \n \n \n \n \n <button type=\"submit\"> Envoyer <\/button>\n \n \n \n \n \n <\/form>","_links":{"self":[{"href":"https:\/\/www.osteo-lyon-8.fr\/index.php?rest_route=\/wp\/v2\/pages\/16"}],"collection":[{"href":"https:\/\/www.osteo-lyon-8.fr\/index.php?rest_route=\/wp\/v2\/pages"}],"about":[{"href":"https:\/\/www.osteo-lyon-8.fr\/index.php?rest_route=\/wp\/v2\/types\/page"}],"author":[{"embeddable":true,"href":"https:\/\/www.osteo-lyon-8.fr\/index.php?rest_route=\/wp\/v2\/users\/1"}],"replies":[{"embeddable":true,"href":"https:\/\/www.osteo-lyon-8.fr\/index.php?rest_route=%2Fwp%2Fv2%2Fcomments&post=16"}],"version-history":[{"count":8,"href":"https:\/\/www.osteo-lyon-8.fr\/index.php?rest_route=\/wp\/v2\/pages\/16\/revisions"}],"predecessor-version":[{"id":576,"href":"https:\/\/www.osteo-lyon-8.fr\/index.php?rest_route=\/wp\/v2\/pages\/16\/revisions\/576"}],"wp:attachment":[{"href":"https:\/\/www.osteo-lyon-8.fr\/index.php?rest_route=%2Fwp%2Fv2%2Fmedia&parent=16"}],"curies":[{"name":"wp","href":"https:\/\/api.w.org\/{rel}","templated":true}]}}