{"id":249,"date":"2020-09-23T10:39:38","date_gmt":"2020-09-23T08:39:38","guid":{"rendered":"https:\/\/www.osteo-lyon-8.fr\/?page_id=249"},"modified":"2020-09-29T09:51:49","modified_gmt":"2020-09-29T07:51:49","slug":"osteopathe-sportif-lyon-8","status":"publish","type":"page","link":"https:\/\/www.osteo-lyon-8.fr\/?page_id=249","title":{"rendered":"SPORTIFS"},"content":{"rendered":"<div id=\"themify_builder_content-249\" data-postid=\"249\" class=\"themify_builder_content themify_builder_content-249 themify_builder\">\r\n    \t<!-- module_row -->\r\n\t<div   class=\"themify_builder_row module_row clearfix builder-parallax-scrolling fullwidth_row_container module_row_0 themify_builder_249_row module_row_249-0 tb_agqc491\">\r\n\t    <div class=\"builder_row_cover\"><\/div>\t    <div class=\"row_inner col_align_middle direction-rtl\"   data-desktop_dir=\"rtl\" data-mobile_dir=\"rtl\">\r\n\t\t\t<div  class=\"module_column tb-column col-full first tb_249_column module_column_0 module_column_249-0-0 tb_jv63492 repeat\" >\r\n\t    \t    \t        <div class=\"tb-column-inner\">\r\n\t\t    <!-- module text -->\r\n<div  class=\"module module-text tb_xjt7493  repeat  \">\r\n            <div  class=\"tb_text_wrap\">\r\n    <h1>OST\u00c9OPATHE SPORTIF LYON\u00a0<\/h1>    <\/div>\r\n<\/div>\r\n<!-- \/module text -->\r\n<!-- module text -->\r\n<div  class=\"module module-text tb_mthq493  repeat  \">\r\n            <div  class=\"tb_text_wrap\">\r\n    <p>Ost\u00e9opathe Lyon dans le 8\u00e8me arrondissement disponible <strong>7\/7 jours. <br \/><\/strong>Pret \u00e0 vous accueilleir dans son cabinet.<\/p>    <\/div>\r\n<\/div>\r\n<!-- \/module text -->\r\n    <!-- module buttons -->\r\n    <div  class=\"module module-buttons tb_bjif493 normal solid circle   wow bounce\">\r\n\t        \t<div class=\"module-buttons\">\r\n                            <div class=\"module-buttons-item  buttons-horizontal\">\r\n\t\t    \t\t\t<a href=\"https:\/\/www.doctolib.fr\/osteopathe\/lyon\/ilias-charitidis\" class=\"ui builder_button tb_default_color\" target=\"_blank\" rel=\"noopener\">\r\n\t\t    \t\t    \t\t\t<span>Prendre RDV<\/span>\r\n\t\t    \t\t    \t\t\t<\/a>\r\n\t\t                    <\/div>\r\n                    <\/div>\r\n    <\/div>\r\n    <!-- \/module buttons -->\r\n\t        <\/div>\r\n\t    \t<\/div>\r\n\t\t    <\/div>\r\n\t    <!-- \/row_inner -->\r\n\t<\/div>\r\n\t<!-- \/module_row -->\r\n\t\t<!-- module_row -->\r\n\t<div   class=\"themify_builder_row module_row clearfix fullwidth_row_container module_row_1 themify_builder_249_row module_row_249-1 tb_3kg2971\">\r\n\t    \t    <div class=\"row_inner col_align_top\" >\r\n\t\t\t<div  class=\"module_column tb-column col-full first tb_249_column module_column_0 module_column_249-1-0 tb_s1nl972\">\r\n\t    \t    \t        <div class=\"tb-column-inner\">\r\n\t\t    <!-- module text -->\r\n<div  class=\"module module-text tb_5qsn829    \">\r\n            <div  class=\"tb_text_wrap\">\r\n    <h2>Quelles sont les blessures les plus fr\u00e9quentes chez les sportifs?<\/h2>    <\/div>\r\n<\/div>\r\n<!-- \/module text -->\r\n\t        <\/div>\r\n\t    \t<\/div>\r\n\t\t    <\/div>\r\n\t    <!-- \/row_inner -->\r\n\t<\/div>\r\n\t<!-- \/module_row -->\r\n\t\t<!-- module_row -->\r\n\t<div   class=\"themify_builder_row module_row clearfix fullwidth_row_container module_row_2 themify_builder_249_row module_row_249-2 tb_irnu869\">\r\n\t    \t    <div class=\"row_inner col_align_top\" >\r\n\t\t\t<div  class=\"module_column tb-column col-full first tb_249_column module_column_0 module_column_249-2-0 tb_1bec870\">\r\n\t    \t    \t        <div class=\"tb-column-inner\">\r\n\t\t    <!-- module text -->\r\n<div  class=\"module module-text tb_3r2f770    \">\r\n            <div  class=\"tb_text_wrap\">\r\n    <p>Que vous soyez un athl\u00e8te <strong>amateur<\/strong> ou un athl\u00e8te <strong>exp\u00e9riment\u00e9<\/strong>, vous pouvez peut-\u00eatre bless\u00e9. Pendant la comp\u00e9tition ou le temps libre, de nombreux pratiquants s&#8217;inqui\u00e8tent des tendinopathies, des entorses, des fractures et m\u00eame des blessures musculaires.<br \/><br \/><strong>Les entorses :\u00a0<\/strong><br \/>Un choc ou une tension lors de la pr\u00e9sentation peut provoquer un traumatisme, une entorse ligamentaire et une entorse. La cheville et le poignet sont principalement touch\u00e9s par cette blessure. La gravit\u00e9 de la blessure est diff\u00e9rente : l&#8217;entorse peut \u00eatre l\u00e9g\u00e8re, mod\u00e9r\u00e9e (rupture partielle du ligament) ou s\u00e9v\u00e8re (rupture totale du ligament).<br \/><br \/><strong>Les tendinopathies :<\/strong><br \/>Vous pouvez consid\u00e9rer un tendon comme un \u00abfil\u00bb de tissu qui relie le muscle \u00e0 l&#8217;os. Leur r\u00f4le est crucial car ils peuvent transmettre la force musculaire et, par cons\u00e9quent, peuvent effectuer des mouvements articulaires. Cependant, lorsque vous essayez de faire de l&#8217;exercice vigoureusement ou \u00e0 plusieurs reprises, vos tendons s&#8217;affaiblissent, frottent anormalement et vos fibres se d\u00e9t\u00e9riorent progressivement.<br \/><br \/><strong>Les Fractures:<\/strong><strong><br \/><br \/><\/strong>La fracture de de fatigue, elle correspond aux micro-fissures dans le tissu osseux.<br \/>Elle arrive lorsque l&#8217;on exerce une contrainte de fa\u00e7on excessive.<br \/><br \/><strong>Les blessures musculaires:<\/strong><strong><br \/><br \/><\/strong>Parmi les blessures musculaires les plus connus, on retrouve le claquage, la crampe, la contracture, l&#8217;\u00e9longation&#8230;<br \/>Une blessure musculaire est une l\u00e9sion qui peut \u00eatre caus\u00e9e suite \u00e0 un effort dans une pratique sportive.<br \/>Cependant ces blessures peuvent peuvent s\u2019att\u00e9nuer voir dispara\u00eetre compl\u00e8tement au bout de quelques temps ou alors se transformer en douleur chronique<\/p>    <\/div>\r\n<\/div>\r\n<!-- \/module text -->\r\n<!-- module text -->\r\n<div  class=\"module module-text tb_7hdk100    \">\r\n            <div  class=\"tb_text_wrap\">\r\n    <h2>Pourquoi il est important de consulter un ost\u00e9opathe sportif lyon<br \/><br \/><\/h2>    <\/div>\r\n<\/div>\r\n<!-- \/module text -->\r\n<!-- module text -->\r\n<div  class=\"module module-text tb_f9lm814    \">\r\n            <div  class=\"tb_text_wrap\">\r\n    <p>Que vous soyez un athl\u00e8te professionnel ou un athl\u00e8te amateur, votre corps sera traumatis\u00e9\u00a0par les activit\u00e9s physiques sp\u00e9cifiques exerc\u00e9es par le sportif. L\u2019ost\u00e9opathe reconna\u00eetra et traitera la v\u00e9ritable cause de la douleur en restreignant vos mouvements. Si vous cherchez un ost\u00e9opathe du sport sur Lyon, <a href=\"https:\/\/www.osteo-lyon-8.fr\/\">osteo lyon 8<\/a> vous accueille dans son <a href=\"https:\/\/www.osteo-lyon-8.fr\/contact\/\">cabinet<\/a> dans le 8\u00e8me\u00a0<br \/>L&#8217;ost\u00e9opathie sert \u00e9galement \u00e0 mieux se concentrer avant une performance ou un match et obtenir une <strong>meilleure r\u00e9cup\u00e9ration<\/strong>.<\/p>    <\/div>\r\n<\/div>\r\n<!-- \/module text -->\r\n    <!-- module image -->\r\n    <div  class=\"module module-image tb_0dje65  image-center   hide-mobile\">\r\n\t                <div class=\"image-wrap\">\r\n                            <img decoding=\"async\" loading=\"lazy\" width=\"536\" height=\"358\" src=\"https:\/\/www.osteo-lyon-8.fr\/wp-content\/uploads\/2020\/09\/Sportif-courir-1.jpg\" class=\" wp-post-image wp-image-649\" title=\"Sportif-courir\" alt=\"sportif\" srcset=\"https:\/\/www.osteo-lyon-8.fr\/wp-content\/uploads\/2020\/09\/Sportif-courir-1.jpg 536w, https:\/\/www.osteo-lyon-8.fr\/wp-content\/uploads\/2020\/09\/Sportif-courir-1-300x200.jpg 300w\" sizes=\"(max-width: 536px) 100vw, 536px\" \/>            \r\n                        <\/div>\r\n            <!-- \/image-wrap -->\r\n        \r\n        \r\n        <\/div>\r\n    <!-- \/module image -->\r\n\t        <\/div>\r\n\t    \t<\/div>\r\n\t\t    <\/div>\r\n\t    <!-- \/row_inner -->\r\n\t<\/div>\r\n\t<!-- \/module_row -->\r\n\t\t<!-- module_row -->\r\n\t<div   class=\"themify_builder_row module_row clearfix fullwidth_row_container module_row_3 themify_builder_249_row module_row_249-3 tb_hdz8789\">\r\n\t    \t    <div class=\"row_inner col_align_top\" >\r\n\t\t\t<div  class=\"module_column tb-column col-full first tb_249_column module_column_0 module_column_249-3-0 tb_blup790\">\r\n\t    \t    \t        <div class=\"tb-column-inner\">\r\n\t\t    <!-- module text -->\r\n<div  class=\"module module-text tb_cpql790    \">\r\n            <div  class=\"tb_text_wrap\">\r\n    <h2>Un ost\u00e9opathe du sport permet aussi la pr\u00e9vention<br \/><br \/><\/h2>    <\/div>\r\n<\/div>\r\n<!-- \/module text -->\r\n<!-- module text -->\r\n<div  class=\"module module-text tb_my5c238    \">\r\n            <div  class=\"tb_text_wrap\">\r\n    <p>L&#8217;ost\u00e9opathie permet d&#8217;am\u00e9liorer le potentiel et la <strong>force musculaire, la flexibilit\u00e9<\/strong> des articulation ainsi que la <strong>capacit\u00e9 respiratoire<\/strong>. L&#8217;ost\u00e9opathie sert \u00e9galement \u00e0 mieux se concentrer avant le match et obtenir une <strong>meilleure r\u00e9cup\u00e9ration<\/strong> apr\u00e8s l&#8217;effort. Il est recommand\u00e9 pour les sportifs \u00e0 haut niveau d\u2019\u00eatre encadr\u00e9 par un ost\u00e9opathe qui lui permettra une meilleure performance sportive. C&#8217;est pour ces raisons qu&#8217;un ost\u00e9opathe sportif Lyon est recommand\u00e9<\/p>    <\/div>\r\n<\/div>\r\n<!-- \/module text -->\r\n\t        <\/div>\r\n\t    \t<\/div>\r\n\t\t    <\/div>\r\n\t    <!-- \/row_inner -->\r\n\t<\/div>\r\n\t<!-- \/module_row -->\r\n\t\t<!-- module_row -->\r\n\t<div   class=\"themify_builder_row module_row clearfix repeat fullwidth module_row_4 themify_builder_249_row module_row_249-4 tb_edu9491\">\r\n\t    \t    <div class=\"row_inner col_align_top\" >\r\n\t\t\t<div  class=\"module_column tb-column col-full first tb_249_column module_column_0 module_column_249-4-0 tb_w0ry508\">\r\n\t    \t    \t        <div class=\"tb-column-inner\">\r\n\t\t    \t<div  class=\"themify_builder_sub_row module_subrow clearfix sub_row_4-0-0 tb_rpb5508\">\r\n\t    \t    <div class=\"subrow_inner col_align_top\"   data-basecol=\"3\" data-col_mobile=\"column-full\">\r\n\t\t\t<div style=\"width:19.6%;\" class=\"sub_column module_column col3-1 first sub_column_post_249 sub_column_4-0-0-0 tb_yhwg510\"> \r\n\t    \t    \t<\/div>\r\n\t\t<div style=\"width:53%;\" class=\"sub_column module_column col3-1 middle sub_column_post_249 sub_column_4-0-0-1 tb_kyyx510\" > \r\n\t    \t    \t        <div class=\"tb-column-inner\">\r\n\t\t    <!-- module text -->\r\n<div  class=\"module module-text tb_y08i510  repeat  \">\r\n            <div  class=\"tb_text_wrap\">\r\n    <p>Comment me contacter?<\/p>\n<p>\u00a0<\/p>    <\/div>\r\n<\/div>\r\n<!-- \/module text -->\r\n    <!-- module buttons -->\r\n    <div  class=\"module module-buttons tb_fq6k510 xlarge solid circle   tb-align-center\">\r\n\t        \t<div class=\"module-buttons\">\r\n                            <div class=\"module-buttons-item  buttons-horizontal\">\r\n\t\t    \t\t\t<a href=\"https:\/\/www.doctolib.fr\/osteopathe\/lyon\/ilias-charitidis\" class=\"ui builder_button yellow\" target=\"_blank\" rel=\"noopener\">\r\n\t\t    \t\t    \t\t\t<span>Prendre Rdv<\/span>\r\n\t\t    \t\t    \t\t\t<\/a>\r\n\t\t                    <\/div>\r\n                            <div class=\"module-buttons-item  buttons-horizontal\">\r\n\t\t    \t\t    \t\t\t<span><\/span>\r\n\t\t    \t\t                    <\/div>\r\n                    <\/div>\r\n    <\/div>\r\n    <!-- \/module buttons -->\r\n\t        <\/div>\r\n\t    \t<\/div>\r\n\t\t<div style=\"width:21%;\" class=\"sub_column module_column col3-1 last sub_column_post_249 sub_column_4-0-0-2 tb_hnud511\"> \r\n\t    \t    \t<\/div>\r\n\t\t    <\/div>\r\n\t<\/div><!-- \/themify_builder_sub_row -->\r\n\t\t<div  class=\"themify_builder_sub_row module_subrow clearfix sub_row_4-0-1 tb_k3zx511\">\r\n\t    \t    <div class=\"subrow_inner col_align_top\"   data-basecol=\"3\" data-col_mobile=\"column3-1\">\r\n\t\t\t<div  class=\"sub_column module_column col3-1 first sub_column_post_249 sub_column_4-0-1-0 tb_qfny511\" > \r\n\t    \t    \t        <div class=\"tb-column-inner\">\r\n\t\t        <!-- module feature -->\r\n   <div  class=\"module module-feature tb_laqc511 with-chart layout-icon-top size-small  \">\r\n        <style type=\"text\/css\"><\/style>\r\n        \r\n        <div class=\"module-feature-image\">\r\n            \r\n            \r\n                <div class=\"module-feature-chart-html5\"\r\n                                     >\r\n                    <div class=\"chart-html5-circle\">\r\n                                                <div class=\"chart-html5-inset chart-html5-inset-icon\">\r\n\r\n                                                                                            <i class=\"module-feature-icon ti-location-pin\"><\/i>                            \r\n                        <\/div>\r\n                    <\/div>\r\n                <\/div>\r\n\r\n                        <\/div>\r\n\r\n        <div class=\"module-feature-content\">\r\n\t\t\t                                        <h3 class=\"module-feature-title\">\r\n                                                                                            Localisation                                                                                    <\/h3>\r\n                                \t    <div class=\"tb_text_wrap\">\r\n\t\t<p>23B Rue Maryse Basti\u00e9, 69008 Lyon<\/p>\t    <\/div>\r\n\t<\/div>\r\n\r\n    <\/div>\r\n    <!-- \/module feature -->\r\n\t        <\/div>\r\n\t    \t<\/div>\r\n\t\t<div  class=\"sub_column module_column col3-1 middle sub_column_post_249 sub_column_4-0-1-1 tb_j27p511\"> \r\n\t    \t    \t        <div class=\"tb-column-inner\">\r\n\t\t        <!-- module feature -->\r\n   <div  class=\"module module-feature tb_bv3l511 with-chart layout-icon-top size-small  \">\r\n        <style type=\"text\/css\"><\/style>\r\n        \r\n        <div class=\"module-feature-image\">\r\n            \r\n            \r\n                <div class=\"module-feature-chart-html5\"\r\n                                     >\r\n                    <div class=\"chart-html5-circle\">\r\n                                                <div class=\"chart-html5-inset chart-html5-inset-icon\">\r\n\r\n                                                                                            <i class=\"module-feature-icon ti-mobile\"><\/i>                            \r\n                        <\/div>\r\n                    <\/div>\r\n                <\/div>\r\n\r\n                        <\/div>\r\n\r\n        <div class=\"module-feature-content\">\r\n\t\t\t                                        <h3 class=\"module-feature-title\">\r\n                                                                                            Num\u00e9ro de t\u00e9l\u00e9phone                                                                                    <\/h3>\r\n                                \t    <div class=\"tb_text_wrap\">\r\n\t\t<p>06 43 04 88 44<\/p>\t    <\/div>\r\n\t<\/div>\r\n\r\n    <\/div>\r\n    <!-- \/module feature -->\r\n\t        <\/div>\r\n\t    \t<\/div>\r\n\t\t<div  class=\"sub_column module_column col3-1 last sub_column_post_249 sub_column_4-0-1-2 tb_jerj512\"> \r\n\t    \t    \t        <div class=\"tb-column-inner\">\r\n\t\t        <!-- module feature -->\r\n   <div  class=\"module module-feature tb_nlb2512 with-chart layout-icon-top size-small  \">\r\n        <style type=\"text\/css\"><\/style>\r\n        \r\n        <div class=\"module-feature-image\">\r\n            \r\n            \r\n                <div class=\"module-feature-chart-html5\"\r\n                                     >\r\n                    <div class=\"chart-html5-circle\">\r\n                                                <div class=\"chart-html5-inset chart-html5-inset-icon\">\r\n\r\n                                                                                            <i class=\"module-feature-icon ti-email\"><\/i>                            \r\n                        <\/div>\r\n                    <\/div>\r\n                <\/div>\r\n\r\n                        <\/div>\r\n\r\n        <div class=\"module-feature-content\">\r\n\t\t\t                                        <h3 class=\"module-feature-title\">\r\n                                                                                            Email                                                                                    <\/h3>\r\n                                \t    <div class=\"tb_text_wrap\">\r\n\t\t<p>ilias.charitidis@gmail.com<\/p>\t    <\/div>\r\n\t<\/div>\r\n\r\n    <\/div>\r\n    <!-- \/module feature -->\r\n\t        <\/div>\r\n\t    \t<\/div>\r\n\t\t    <\/div>\r\n\t<\/div><!-- \/themify_builder_sub_row -->\r\n\t\t        <\/div>\r\n\t    \t<\/div>\r\n\t\t    <\/div>\r\n\t    <!-- \/row_inner -->\r\n\t<\/div>\r\n\t<!-- \/module_row -->\r\n\t<\/div>\r\n\r\n","protected":false},"excerpt":{"rendered":"<p>OST\u00c9OPATHE SPORTIF LYON\u00a0 Ost\u00e9opathe Lyon dans le 8\u00e8me arrondissement disponible 7\/7 jours. Pret \u00e0 vous accueilleir dans son cabinet. Prendre RDV Quelles sont les blessures les plus fr\u00e9quentes chez les sportifs? Que vous soyez un athl\u00e8te amateur ou un athl\u00e8te exp\u00e9riment\u00e9, vous pouvez peut-\u00eatre bless\u00e9. Pendant la comp\u00e9tition ou le temps libre, de nombreux pratiquants [&hellip;]<\/p>\n","protected":false},"author":1,"featured_media":0,"parent":0,"menu_order":0,"comment_status":"closed","ping_status":"closed","template":"","meta":{"footnotes":""},"yoast_head":"<!-- This site is optimized with the Yoast SEO plugin v14.9 - https:\/\/yoast.com\/wordpress\/plugins\/seo\/ -->\n<title>Ost\u00e9opathe sportif lyon | Ilias Charitidis | Ost\u00e9opathe professionel<\/title>\n<meta name=\"description\" content=\"Vous souffrez de tendinite, entorse ou courbature, et cherchez un ost\u00e9opathe sportif Lyon? Ca tombe bien vous etes \u00e0 la bonne adresse,\" \/>\n<meta name=\"robots\" content=\"index, follow, max-snippet:-1, max-image-preview:large, max-video-preview:-1\" \/>\n<link rel=\"canonical\" href=\"https:\/\/www.osteo-lyon-8.fr\/?page_id=249\" \/>\n<meta property=\"og:locale\" content=\"en_US\" \/>\n<meta property=\"og:type\" content=\"article\" \/>\n<meta property=\"og:title\" content=\"Ost\u00e9opathe sportif lyon | Ilias Charitidis | Ost\u00e9opathe professionel\" \/>\n<meta property=\"og:description\" content=\"Vous souffrez de tendinite, entorse ou courbature, et cherchez un ost\u00e9opathe sportif Lyon? Ca tombe bien vous etes \u00e0 la bonne adresse,\" \/>\n<meta property=\"og:url\" content=\"https:\/\/www.osteo-lyon-8.fr\/?page_id=249\" \/>\n<meta property=\"og:site_name\" content=\"Osteo Lyon 8\" \/>\n<meta property=\"article:modified_time\" content=\"2020-09-29T07:51:49+00:00\" \/>\n<meta name=\"twitter:card\" content=\"summary_large_image\" \/>\n<script type=\"application\/ld+json\" class=\"yoast-schema-graph\">{\"@context\":\"https:\/\/schema.org\",\"@graph\":[{\"@type\":\"WebSite\",\"@id\":\"https:\/\/www.osteo-lyon-8.fr\/#website\",\"url\":\"https:\/\/www.osteo-lyon-8.fr\/\",\"name\":\"Osteo Lyon 8\",\"description\":\"Un site utilisant WordPress\",\"potentialAction\":[{\"@type\":\"SearchAction\",\"target\":\"https:\/\/www.osteo-lyon-8.fr\/?s={search_term_string}\",\"query-input\":\"required name=search_term_string\"}],\"inLanguage\":\"en-US\"},{\"@type\":\"ImageObject\",\"@id\":\"https:\/\/www.osteo-lyon-8.fr\/?page_id=249#primaryimage\",\"inLanguage\":\"en-US\",\"url\":\"https:\/\/www.osteo-lyon-8.fr\/wp-content\/uploads\/2020\/09\/Sportif-courir-1.jpg\",\"width\":536,\"height\":358,\"caption\":\"sportif\"},{\"@type\":\"WebPage\",\"@id\":\"https:\/\/www.osteo-lyon-8.fr\/?page_id=249#webpage\",\"url\":\"https:\/\/www.osteo-lyon-8.fr\/?page_id=249\",\"name\":\"Ost\\u00e9opathe sportif lyon | Ilias Charitidis | Ost\\u00e9opathe professionel\",\"isPartOf\":{\"@id\":\"https:\/\/www.osteo-lyon-8.fr\/#website\"},\"primaryImageOfPage\":{\"@id\":\"https:\/\/www.osteo-lyon-8.fr\/?page_id=249#primaryimage\"},\"datePublished\":\"2020-09-23T08:39:38+00:00\",\"dateModified\":\"2020-09-29T07:51:49+00:00\",\"description\":\"Vous souffrez de tendinite, entorse ou courbature, et cherchez un ost\\u00e9opathe sportif Lyon? Ca tombe bien vous etes \\u00e0 la bonne adresse,\",\"inLanguage\":\"en-US\",\"potentialAction\":[{\"@type\":\"ReadAction\",\"target\":[\"https:\/\/www.osteo-lyon-8.fr\/?page_id=249\"]}]}]}<\/script>\n<!-- \/ Yoast SEO plugin. -->","builder_content":"<h1>OST\u00c9OPATHE SPORTIF LYON\u00a0<\/h1>\n<p>Ost\u00e9opathe Lyon dans le 8\u00e8me arrondissement disponible <strong>7\/7 jours. <br \/><\/strong>Pret \u00e0 vous accueilleir dans son cabinet.<\/p>\n<a href=\"https:\/\/www.doctolib.fr\/osteopathe\/lyon\/ilias-charitidis\" target=\"_blank\" rel=\"noopener\">\n Prendre RDV\n <\/a>\n<h2>Quelles sont les blessures les plus fr\u00e9quentes chez les sportifs?<\/h2>\n<p>Que vous soyez un athl\u00e8te <strong>amateur<\/strong> ou un athl\u00e8te <strong>exp\u00e9riment\u00e9<\/strong>, vous pouvez peut-\u00eatre bless\u00e9. Pendant la comp\u00e9tition ou le temps libre, de nombreux pratiquants s'inqui\u00e8tent des tendinopathies, des entorses, des fractures et m\u00eame des blessures musculaires.<br \/><br \/><strong>Les entorses :\u00a0<\/strong><br \/>Un choc ou une tension lors de la pr\u00e9sentation peut provoquer un traumatisme, une entorse ligamentaire et une entorse. La cheville et le poignet sont principalement touch\u00e9s par cette blessure. La gravit\u00e9 de la blessure est diff\u00e9rente : l'entorse peut \u00eatre l\u00e9g\u00e8re, mod\u00e9r\u00e9e (rupture partielle du ligament) ou s\u00e9v\u00e8re (rupture totale du ligament).<br \/><br \/><strong>Les tendinopathies :<\/strong><br \/>Vous pouvez consid\u00e9rer un tendon comme un \u00abfil\u00bb de tissu qui relie le muscle \u00e0 l'os. Leur r\u00f4le est crucial car ils peuvent transmettre la force musculaire et, par cons\u00e9quent, peuvent effectuer des mouvements articulaires. Cependant, lorsque vous essayez de faire de l'exercice vigoureusement ou \u00e0 plusieurs reprises, vos tendons s'affaiblissent, frottent anormalement et vos fibres se d\u00e9t\u00e9riorent progressivement.<br \/><br \/><strong>Les Fractures:<\/strong><strong><br \/><br \/><\/strong>La fracture de de fatigue, elle correspond aux micro-fissures dans le tissu osseux.<br \/>Elle arrive lorsque l'on exerce une contrainte de fa\u00e7on excessive.<br \/><br \/><strong>Les blessures musculaires:<\/strong><strong><br \/><br \/><\/strong>Parmi les blessures musculaires les plus connus, on retrouve le claquage, la crampe, la contracture, l'\u00e9longation...<br \/>Une blessure musculaire est une l\u00e9sion qui peut \u00eatre caus\u00e9e suite \u00e0 un effort dans une pratique sportive.<br \/>Cependant ces blessures peuvent peuvent s\u2019att\u00e9nuer voir dispara\u00eetre compl\u00e8tement au bout de quelques temps ou alors se transformer en douleur chronique<\/p>\n<h2>Pourquoi il est important de consulter un ost\u00e9opathe sportif lyon<br \/><br \/><\/h2>\n<p>Que vous soyez un athl\u00e8te professionnel ou un athl\u00e8te amateur, votre corps sera traumatis\u00e9\u00a0par les activit\u00e9s physiques sp\u00e9cifiques exerc\u00e9es par le sportif. L\u2019ost\u00e9opathe reconna\u00eetra et traitera la v\u00e9ritable cause de la douleur en restreignant vos mouvements. Si vous cherchez un ost\u00e9opathe du sport sur Lyon, <a href=\"https:\/\/www.osteo-lyon-8.fr\/\">osteo lyon 8<\/a> vous accueille dans son <a href=\"https:\/\/www.osteo-lyon-8.fr\/contact\/\">cabinet<\/a> dans le 8\u00e8me\u00a0<br \/>L'ost\u00e9opathie sert \u00e9galement \u00e0 mieux se concentrer avant une performance ou un match et obtenir une <strong>meilleure r\u00e9cup\u00e9ration<\/strong>.<\/p>\n<img decoding=\"async\" loading=\"lazy\" width=\"536\" height=\"358\" src=\"https:\/\/www.osteo-lyon-8.fr\/wp-content\/uploads\/2020\/09\/Sportif-courir-1.jpg\" title=\"Sportif-courir\" alt=\"sportif\" srcset=\"https:\/\/www.osteo-lyon-8.fr\/wp-content\/uploads\/2020\/09\/Sportif-courir-1.jpg 536w, https:\/\/www.osteo-lyon-8.fr\/wp-content\/uploads\/2020\/09\/Sportif-courir-1-300x200.jpg 300w\" sizes=\"(max-width: 536px) 100vw, 536px\" \/>\n<h2>Un ost\u00e9opathe du sport permet aussi la pr\u00e9vention<br \/><br \/><\/h2>\n<p>L'ost\u00e9opathie permet d'am\u00e9liorer le potentiel et la <strong>force musculaire, la flexibilit\u00e9<\/strong> des articulation ainsi que la <strong>capacit\u00e9 respiratoire<\/strong>. L'ost\u00e9opathie sert \u00e9galement \u00e0 mieux se concentrer avant le match et obtenir une <strong>meilleure r\u00e9cup\u00e9ration<\/strong> apr\u00e8s l'effort. Il est recommand\u00e9 pour les sportifs \u00e0 haut niveau d\u2019\u00eatre encadr\u00e9 par un ost\u00e9opathe qui lui permettra une meilleure performance sportive. C'est pour ces raisons qu'un ost\u00e9opathe sportif Lyon est recommand\u00e9<\/p>\n<p>Comment me contacter?<\/p> <p>\u00a0<\/p>\n<a href=\"https:\/\/www.doctolib.fr\/osteopathe\/lyon\/ilias-charitidis\" target=\"_blank\" rel=\"noopener\">\n Prendre Rdv\n <\/a>\n<h3>\n Localisation <\/h3>\n \n <p>23B Rue Maryse Basti\u00e9, 69008 Lyon<\/p>\n<h3>\n Num\u00e9ro de t\u00e9l\u00e9phone <\/h3>\n \n <p>06 43 04 88 44<\/p>\n<h3>\n Email <\/h3>\n \n <p>ilias.charitidis@gmail.com<\/p>","_links":{"self":[{"href":"https:\/\/www.osteo-lyon-8.fr\/index.php?rest_route=\/wp\/v2\/pages\/249"}],"collection":[{"href":"https:\/\/www.osteo-lyon-8.fr\/index.php?rest_route=\/wp\/v2\/pages"}],"about":[{"href":"https:\/\/www.osteo-lyon-8.fr\/index.php?rest_route=\/wp\/v2\/types\/page"}],"author":[{"embeddable":true,"href":"https:\/\/www.osteo-lyon-8.fr\/index.php?rest_route=\/wp\/v2\/users\/1"}],"replies":[{"embeddable":true,"href":"https:\/\/www.osteo-lyon-8.fr\/index.php?rest_route=%2Fwp%2Fv2%2Fcomments&post=249"}],"version-history":[{"count":77,"href":"https:\/\/www.osteo-lyon-8.fr\/index.php?rest_route=\/wp\/v2\/pages\/249\/revisions"}],"predecessor-version":[{"id":686,"href":"https:\/\/www.osteo-lyon-8.fr\/index.php?rest_route=\/wp\/v2\/pages\/249\/revisions\/686"}],"wp:attachment":[{"href":"https:\/\/www.osteo-lyon-8.fr\/index.php?rest_route=%2Fwp%2Fv2%2Fmedia&parent=249"}],"curies":[{"name":"wp","href":"https:\/\/api.w.org\/{rel}","templated":true}]}}