{"id":9,"date":"2020-09-20T11:07:48","date_gmt":"2020-09-20T09:07:48","guid":{"rendered":"http:\/\/www.osteo-lyon-8.fr\/?page_id=9"},"modified":"2021-02-14T09:22:30","modified_gmt":"2021-02-14T08:22:30","slug":"blog","status":"publish","type":"page","link":"https:\/\/www.osteo-lyon-8.fr\/?page_id=9","title":{"rendered":"BLOG"},"content":{"rendered":"<div id=\"themify_builder_content-9\" data-postid=\"9\" class=\"themify_builder_content themify_builder_content-9 themify_builder\">\r\n    \t<!-- module_row -->\r\n\t<div  class=\"themify_builder_row module_row clearfix module_row_0 themify_builder_9_row module_row_9-0 tb_1e4o504\">\r\n\t    \t    <div class=\"row_inner col_align_top\" >\r\n\t\t\t<div  class=\"module_column tb-column col-full first tb_9_column module_column_0 module_column_9-0-0 tb_xwhq504\">\r\n\t    \t    \t        <div class=\"tb-column-inner\">\r\n\t\t        <!-- module post -->\r\n    <div  class=\"module module-post tb_d98i78 \">\r\n                <div class=\"builder-posts-wrap clearfix loops-wrapper  grid2 masonry\">\r\n            \r\n\r\n<article id=\"post-800\" class=\"post clearfix post-800 type-post status-publish format-standard hentry category-non-classe has-post-title has-post-date has-post-category has-post-tag has-post-comment has-post-author   cat-1\">\r\n\t\r\n            <a href=\"https:\/\/www.osteo-lyon-8.fr\/?p=800\" aria-label=\"Histoire De La Naissance De L\u2019ost\u00e9opathie\" data-post-permalink=\"yes\" style=\"display: none;\"><\/a>\r\n    \r\n\t\r\n\t\r\n\t\r\n\t\t\r\n\t\r\n\t\r\n\t<div class=\"post-content\">\r\n\t\t<div class=\"post-content-inner\">\r\n\r\n\t\t\t\t\t\t\t\t<div class=\"post-date-wrap post-date-inline\">\r\n\t\t<time class=\"post-date entry-date updated\" datetime=\"2021-05-14\">\r\n\t\t\t\t\t<span class=\"year\">14 May 2021<\/span>\r\n\t\t\t\t<\/time>\r\n\t<\/div><!-- .post-date-wrap -->\r\n\t\t\t\t\r\n\t\t\t\t\t\t\t <h2 class=\"post-title entry-title\"><a href=\"https:\/\/www.osteo-lyon-8.fr\/?p=800\">Histoire De La Naissance De L\u2019ost\u00e9opathie<\/a> <\/h2>\t\t\t\r\n\t\t\t\r\n\t\t\t\r\n\t\t\t<div class=\"entry-content\">\r\n\r\n\t\t\t\t\r\n\t\t\t\t\t<p>Le Fondateur Andrew Taylor Still, (n\u00e9 le 6 ao\u00fbt 1828 \u00e0 Jonesboro, Virginie aux \u00c9tats-Unis &#8211; d\u00e9c\u00e9d\u00e9 le 12 d\u00e9cembre 1917 \u00e0 Kirksville, Missouri), physicien et chirurgien, a \u00e9t\u00e9 le fondateur am\u00e9ricain de l&#8217;ost\u00e9opathie. \u00a0 Andrew Taylor Still a remarqu\u00e9 que les organes malades \u00e9taient consid\u00e9rablement encombr\u00e9s. Il a donc cherch\u00e9 un moyen non chirurgical [&hellip;]<\/p>\n\r\n\t\t\t\t\t\r\n\t\t\t\t\r\n\t\t\t<\/div><!-- \/.entry-content -->\r\n\r\n\t\t\t\r\n\t\t<\/div>\r\n\t\t<!-- \/.post-content-inner -->\r\n\t<\/div>\r\n\t<!-- \/.post-content -->\r\n\t\r\n<\/article>\r\n<!-- \/.post -->\r\n\r\n\r\n<article id=\"post-773\" class=\"post clearfix post-773 type-post status-publish format-standard has-post-thumbnail hentry category-non-classe has-post-title has-post-date has-post-category has-post-tag has-post-comment has-post-author   cat-1\">\r\n\t\r\n            <a href=\"https:\/\/www.osteo-lyon-8.fr\/?p=773\" aria-label=\"Voici les raisons pour lesquelles vous souffrez de douleurs lombaires\" data-post-permalink=\"yes\" style=\"display: none;\"><\/a>\r\n    \r\n\t\r\n\t\r\n\t\r\n\t\t\r\n\t\t\t<figure class=\"post-image  clearfix\">\r\n\r\n\t\t\t\t\t\t\t\t\t<a href=\"https:\/\/www.osteo-lyon-8.fr\/?p=773\"><img decoding=\"async\" loading=\"lazy\" width=\"1487\" height=\"991\" src=\"https:\/\/www.osteo-lyon-8.fr\/wp-content\/uploads\/2021\/02\/douleur-lombaire.jpg\" class=\" wp-post-image wp-image-781\" title=\"douleur-lombaire\" alt=\"douleur lombaire, soulger douleur bas du dos\" srcset=\"https:\/\/www.osteo-lyon-8.fr\/wp-content\/uploads\/2021\/02\/douleur-lombaire.jpg 1487w, https:\/\/www.osteo-lyon-8.fr\/wp-content\/uploads\/2021\/02\/douleur-lombaire-300x200.jpg 300w, https:\/\/www.osteo-lyon-8.fr\/wp-content\/uploads\/2021\/02\/douleur-lombaire-1024x682.jpg 1024w, https:\/\/www.osteo-lyon-8.fr\/wp-content\/uploads\/2021\/02\/douleur-lombaire-768x512.jpg 768w\" sizes=\"(max-width: 1487px) 100vw, 1487px\" \/><\/a>\r\n\t\t\t\t\r\n\t\t\t<\/figure>\r\n\r\n\t\t\r\n\t\r\n\t\r\n\t<div class=\"post-content\">\r\n\t\t<div class=\"post-content-inner\">\r\n\r\n\t\t\t\t\t\t\t\t<div class=\"post-date-wrap post-date-inline\">\r\n\t\t<time class=\"post-date entry-date updated\" datetime=\"2021-02-13\">\r\n\t\t\t\t\t<span class=\"year\">13 February 2021<\/span>\r\n\t\t\t\t<\/time>\r\n\t<\/div><!-- .post-date-wrap -->\r\n\t\t\t\t\r\n\t\t\t\t\t\t\t <h2 class=\"post-title entry-title\"><a href=\"https:\/\/www.osteo-lyon-8.fr\/?p=773\">Voici les raisons pour lesquelles vous souffrez de douleurs lombaires<\/a> <\/h2>\t\t\t\r\n\t\t\t\r\n\t\t\t\r\n\t\t\t<div class=\"entry-content\">\r\n\r\n\t\t\t\t\r\n\t\t\t\t\t<p>Causes des douleurs lombaires en position assise Votre colonne vert\u00e9brale, \u00e9galement appel\u00e9e \u00e9pine dorsale ou colonne vert\u00e9brale, compte 26 vert\u00e8bres (os) s\u00e9par\u00e9es par des disques souples et spongieux qui servent d&#8217;amortisseurs. La partie situ\u00e9e dans le bas de votre dos, appel\u00e9e colonne lombaire, contient cinq vert\u00e8bres. &#8220;La position assise soumet les disques lombaires et les [&hellip;]<\/p>\n\r\n\t\t\t\t\t\r\n\t\t\t\t\r\n\t\t\t<\/div><!-- \/.entry-content -->\r\n\r\n\t\t\t\r\n\t\t<\/div>\r\n\t\t<!-- \/.post-content-inner -->\r\n\t<\/div>\r\n\t<!-- \/.post-content -->\r\n\t\r\n<\/article>\r\n<!-- \/.post -->\r\n        <\/div><!-- .builder-posts-wrap -->\r\n                    <\/div>\r\n    <!-- \/module post -->\r\n\r\n\t        <\/div>\r\n\t    \t<\/div>\r\n\t\t    <\/div>\r\n\t    <!-- \/row_inner -->\r\n\t<\/div>\r\n\t<!-- \/module_row -->\r\n\t<\/div>\r\n\r\n","protected":false},"excerpt":{"rendered":"","protected":false},"author":1,"featured_media":0,"parent":0,"menu_order":0,"comment_status":"closed","ping_status":"closed","template":"","meta":{"footnotes":""},"yoast_head":"<!-- This site is optimized with the Yoast SEO plugin v14.9 - https:\/\/yoast.com\/wordpress\/plugins\/seo\/ -->\n<title>BLOG | Osteo Lyon 8<\/title>\n<meta name=\"robots\" content=\"index, follow, max-snippet:-1, max-image-preview:large, max-video-preview:-1\" \/>\n<link rel=\"canonical\" href=\"https:\/\/www.osteo-lyon-8.fr\/?page_id=9\" \/>\n<meta property=\"og:locale\" content=\"en_US\" \/>\n<meta property=\"og:type\" content=\"article\" \/>\n<meta property=\"og:title\" content=\"BLOG | Osteo Lyon 8\" \/>\n<meta property=\"og:url\" content=\"https:\/\/www.osteo-lyon-8.fr\/?page_id=9\" \/>\n<meta property=\"og:site_name\" content=\"Osteo Lyon 8\" \/>\n<meta property=\"article:modified_time\" content=\"2021-02-14T08:22:30+00:00\" \/>\n<meta name=\"twitter:card\" content=\"summary_large_image\" \/>\n<script type=\"application\/ld+json\" class=\"yoast-schema-graph\">{\"@context\":\"https:\/\/schema.org\",\"@graph\":[{\"@type\":\"WebSite\",\"@id\":\"https:\/\/www.osteo-lyon-8.fr\/#website\",\"url\":\"https:\/\/www.osteo-lyon-8.fr\/\",\"name\":\"Osteo Lyon 8\",\"description\":\"Un site utilisant WordPress\",\"potentialAction\":[{\"@type\":\"SearchAction\",\"target\":\"https:\/\/www.osteo-lyon-8.fr\/?s={search_term_string}\",\"query-input\":\"required name=search_term_string\"}],\"inLanguage\":\"en-US\"},{\"@type\":\"WebPage\",\"@id\":\"https:\/\/www.osteo-lyon-8.fr\/?page_id=9#webpage\",\"url\":\"https:\/\/www.osteo-lyon-8.fr\/?page_id=9\",\"name\":\"BLOG | Osteo Lyon 8\",\"isPartOf\":{\"@id\":\"https:\/\/www.osteo-lyon-8.fr\/#website\"},\"datePublished\":\"2020-09-20T09:07:48+00:00\",\"dateModified\":\"2021-02-14T08:22:30+00:00\",\"inLanguage\":\"en-US\",\"potentialAction\":[{\"@type\":\"ReadAction\",\"target\":[\"https:\/\/www.osteo-lyon-8.fr\/?page_id=9\"]}]}]}<\/script>\n<!-- \/ Yoast SEO plugin. -->","builder_content":"","_links":{"self":[{"href":"https:\/\/www.osteo-lyon-8.fr\/index.php?rest_route=\/wp\/v2\/pages\/9"}],"collection":[{"href":"https:\/\/www.osteo-lyon-8.fr\/index.php?rest_route=\/wp\/v2\/pages"}],"about":[{"href":"https:\/\/www.osteo-lyon-8.fr\/index.php?rest_route=\/wp\/v2\/types\/page"}],"author":[{"embeddable":true,"href":"https:\/\/www.osteo-lyon-8.fr\/index.php?rest_route=\/wp\/v2\/users\/1"}],"replies":[{"embeddable":true,"href":"https:\/\/www.osteo-lyon-8.fr\/index.php?rest_route=%2Fwp%2Fv2%2Fcomments&post=9"}],"version-history":[{"count":4,"href":"https:\/\/www.osteo-lyon-8.fr\/index.php?rest_route=\/wp\/v2\/pages\/9\/revisions"}],"predecessor-version":[{"id":783,"href":"https:\/\/www.osteo-lyon-8.fr\/index.php?rest_route=\/wp\/v2\/pages\/9\/revisions\/783"}],"wp:attachment":[{"href":"https:\/\/www.osteo-lyon-8.fr\/index.php?rest_route=%2Fwp%2Fv2%2Fmedia&parent=9"}],"curies":[{"name":"wp","href":"https:\/\/api.w.org\/{rel}","templated":true}]}}